{"id":12,"date":"2023-11-14T19:47:40","date_gmt":"2023-11-14T18:47:40","guid":{"rendered":"https:\/\/losmeandros.com\/?page_id=12"},"modified":"2024-03-03T22:26:44","modified_gmt":"2024-03-03T21:26:44","slug":"servicios","status":"publish","type":"page","link":"https:\/\/losmeandros.com\/?page_id=12","title":{"rendered":"Servicios"},"content":{"rendered":"\n<p>El apartamento tur\u00edstico Los Meandros se encuentra situado en el centro del  municipio de S\u00e1stago que cuenta con los siguientes servicios.<\/p>\n\n\n\n<p>En S\u00e1stago se pueden realizar multitud de actividades como pesca, senderismo, trail running,  ciclismo o simplemente pasear y desconectar en un entorno rural tranquilo.  <\/p>\n\n\n\n<div class=\"wp-block-group is-vertical is-layout-flex wp-container-core-group-layout-1 wp-block-group-is-layout-flex\">\n<p>Bares y restaurantes<\/p>\n\n\n\n<p>Centro m\u00e9dico y farmacia<\/p>\n\n\n\n<p>Supermercado y carnicer\u00edas<\/p>\n\n\n\n<p>Ferreter\u00eda y tienda de accesorios de pesca<\/p>\n\n\n\n<p>Bancos y cajeros autom\u00e1ticos<\/p>\n\n\n\n<p>Piscina <\/p>\n\n\n\n<p>Parques infantiles<\/p>\n\n\n\n<p>Pista de Front\u00f3n y pista de P\u00e1del <\/p>\n\n\n\n<p><\/p>\n\n\n\n<h2 class=\"wp-block-heading\">Actividades<\/h2>\n<\/div>\n\n\n\n<p><\/p>\n\n\n\n<p>En S\u00e1stago se puede visitar el Monasterio de Rueda, las Saladas, el Fort\u00edn, la  Iglesia de la Palma, el Tambor, numerosos miradores a los meandros del r\u00edo.<\/p>\n\n\n\n<p>SENDERISMO<\/p>\n\n\n\n<p>Una de las actividades m\u00e1s practicadas por los habitantes y visitantes de este encantador pueblo. Sus bajos desniveles hacen que las rutas sean accesibles para todo el mundo.<\/p>\n\n\n\n<p>RUTAS EN BICICLETA<\/p>\n\n\n\n<p>S\u00e1stago cuenta con numerosas\u00a0\u00a0rutas en bicicleta aptas para todos los niveles, es un lugar ideal para los amantes de la bicicleta de monta\u00f1a.\u00a0<\/p>\n\n\n\n<p>TRAIL RUNNING<\/p>\n\n\n\n<p>\u200b<em>Son muchas las carreras y eventos organizados durante todo el a\u00f1o para los apasionados del trail . Algunos de ellos son el trail S\u00e1stago, crestas mar de Arag\u00f3n de Caspe, Trail Zoquetes de Alcorisa.\u00a0<\/em><br><\/p>\n\n\n\n<p><\/p>\n\n\n\n<p>QU\u00c9 VER CERCA DE S\u00c1STAGO\u00a0<\/p>\n\n\n\n<p>Museo de las Momias en Quinto de Ebro a 20 km<\/p>\n\n\n\n<p>Yacimiento Arqueol\u00f3gico Romano, Velilla de Ebro a 15 km.&nbsp;<\/p>\n\n\n\n<p>Pueblos de la ruta del Tambor y el Bombo 20 km.&nbsp;<\/p>\n\n\n\n<p>Alca\u00f1iz \u2013 Motorland Aragon&nbsp;&nbsp;55 km.&nbsp;<\/p>\n\n\n\n<p>Zona Matarra\u00f1a 90 km.&nbsp;<\/p>\n\n\n\n<p>Balneario de Ari\u00f1o 50 km <\/p>\n\n\n\n<p>Belchite 47 km <\/p>\n\n\n\n<p>D\u00d3NDE COMER<\/p>\n\n\n\n<p>La Martina (Cafeter\u00eda, Restaurante y para llevar justo alado de nuestro apartamento)<\/p>\n\n\n\n<p>Florentza &#8211; Casa de Sidras \u2013 Alborge<\/p>\n\n\n\n<p style=\"font-size:30px\">Enlaces<\/p>\n\n\n\n<div class=\"wp-block-group is-vertical is-layout-flex wp-container-core-group-layout-2 wp-block-group-is-layout-flex\">\n<p><a href=\"https:\/\/sastago.es\/municipio\/turismo\/\">https:\/\/sastago.es\/municipio\/turismo\/<\/a><\/p>\n\n\n\n<p><a href=\"https:\/\/realmonasterioderueda.es\">https:\/\/realmonasterioderueda.es<\/a><\/p>\n\n\n\n<p><a href=\"https:\/\/riberabaja.es\">https:\/\/riberabaja.es<\/a><\/p>\n<\/div>\n\n\n\n<div class=\"wp-block-group is-vertical is-content-justification-center is-layout-flex wp-container-core-group-layout-3 wp-block-group-is-layout-flex\">\n<p><strong>  <\/strong><\/p>\n\n\n\n<p><\/p>\n\n\n\n<ul class=\"wp-block-social-links is-content-justification-center is-layout-flex wp-container-core-social-links-layout-1 wp-block-social-links-is-layout-flex\"><li class=\"wp-social-link wp-social-link-facebook  wp-block-social-link\"><a href=\"https:\/\/www.facebook.com\/profile.php?id=61552547670014\" class=\"wp-block-social-link-anchor\"><svg width=\"24\" height=\"24\" viewBox=\"0 0 24 24\" version=\"1.1\" xmlns=\"http:\/\/www.w3.org\/2000\/svg\" aria-hidden=\"true\" focusable=\"false\"><path d=\"M12 2C6.5 2 2 6.5 2 12c0 5 3.7 9.1 8.4 9.9v-7H7.9V12h2.5V9.8c0-2.5 1.5-3.9 3.8-3.9 1.1 0 2.2.2 2.2.2v2.5h-1.3c-1.2 0-1.6.8-1.6 1.6V12h2.8l-.4 2.9h-2.3v7C18.3 21.1 22 17 22 12c0-5.5-4.5-10-10-10z\"><\/path><\/svg><span class=\"wp-block-social-link-label screen-reader-text\">Facebook<\/span><\/a><\/li>\n\n<li class=\"wp-social-link wp-social-link-instagram  wp-block-social-link\"><a href=\"https:\/\/www.instagram.com\/apartamentolosmeandros?igshid=YTQwZjQ0NmI0OA==\" class=\"wp-block-social-link-anchor\"><svg width=\"24\" height=\"24\" viewBox=\"0 0 24 24\" version=\"1.1\" xmlns=\"http:\/\/www.w3.org\/2000\/svg\" aria-hidden=\"true\" focusable=\"false\"><path d=\"M12,4.622c2.403,0,2.688,0.009,3.637,0.052c0.877,0.04,1.354,0.187,1.671,0.31c0.42,0.163,0.72,0.358,1.035,0.673 c0.315,0.315,0.51,0.615,0.673,1.035c0.123,0.317,0.27,0.794,0.31,1.671c0.043,0.949,0.052,1.234,0.052,3.637 s-0.009,2.688-0.052,3.637c-0.04,0.877-0.187,1.354-0.31,1.671c-0.163,0.42-0.358,0.72-0.673,1.035 c-0.315,0.315-0.615,0.51-1.035,0.673c-0.317,0.123-0.794,0.27-1.671,0.31c-0.949,0.043-1.233,0.052-3.637,0.052 s-2.688-0.009-3.637-0.052c-0.877-0.04-1.354-0.187-1.671-0.31c-0.42-0.163-0.72-0.358-1.035-0.673 c-0.315-0.315-0.51-0.615-0.673-1.035c-0.123-0.317-0.27-0.794-0.31-1.671C4.631,14.688,4.622,14.403,4.622,12 s0.009-2.688,0.052-3.637c0.04-0.877,0.187-1.354,0.31-1.671c0.163-0.42,0.358-0.72,0.673-1.035 c0.315-0.315,0.615-0.51,1.035-0.673c0.317-0.123,0.794-0.27,1.671-0.31C9.312,4.631,9.597,4.622,12,4.622 M12,3 C9.556,3,9.249,3.01,8.289,3.054C7.331,3.098,6.677,3.25,6.105,3.472C5.513,3.702,5.011,4.01,4.511,4.511 c-0.5,0.5-0.808,1.002-1.038,1.594C3.25,6.677,3.098,7.331,3.054,8.289C3.01,9.249,3,9.556,3,12c0,2.444,0.01,2.751,0.054,3.711 c0.044,0.958,0.196,1.612,0.418,2.185c0.23,0.592,0.538,1.094,1.038,1.594c0.5,0.5,1.002,0.808,1.594,1.038 c0.572,0.222,1.227,0.375,2.185,0.418C9.249,20.99,9.556,21,12,21s2.751-0.01,3.711-0.054c0.958-0.044,1.612-0.196,2.185-0.418 c0.592-0.23,1.094-0.538,1.594-1.038c0.5-0.5,0.808-1.002,1.038-1.594c0.222-0.572,0.375-1.227,0.418-2.185 C20.99,14.751,21,14.444,21,12s-0.01-2.751-0.054-3.711c-0.044-0.958-0.196-1.612-0.418-2.185c-0.23-0.592-0.538-1.094-1.038-1.594 c-0.5-0.5-1.002-0.808-1.594-1.038c-0.572-0.222-1.227-0.375-2.185-0.418C14.751,3.01,14.444,3,12,3L12,3z M12,7.378 c-2.552,0-4.622,2.069-4.622,4.622S9.448,16.622,12,16.622s4.622-2.069,4.622-4.622S14.552,7.378,12,7.378z M12,15 c-1.657,0-3-1.343-3-3s1.343-3,3-3s3,1.343,3,3S13.657,15,12,15z M16.804,6.116c-0.596,0-1.08,0.484-1.08,1.08 s0.484,1.08,1.08,1.08c0.596,0,1.08-0.484,1.08-1.08S17.401,6.116,16.804,6.116z\"><\/path><\/svg><span class=\"wp-block-social-link-label screen-reader-text\">Instagram<\/span><\/a><\/li><\/ul>\n\n\n\n<p> <\/p>\n\n\n\n<p><\/p>\n<\/div>\n","protected":false},"excerpt":{"rendered":"<p>El apartamento tur\u00edstico Los Meandros se encuentra situado en el centro del municipio de S\u00e1stago que cuenta con los siguientes servicios. En S\u00e1stago se pueden realizar multitud de actividades como pesca, senderismo, trail running, ciclismo o simplemente pasear y desconectar en un entorno rural tranquilo. Bares y restaurantes Centro m\u00e9dico y farmacia Supermercado y carnicer\u00edas [&hellip;]<\/p>\n","protected":false},"author":1,"featured_media":0,"parent":0,"menu_order":0,"comment_status":"closed","ping_status":"closed","template":"","meta":{"_monsterinsights_skip_tracking":false,"_monsterinsights_sitenote_active":false,"_monsterinsights_sitenote_note":"","_monsterinsights_sitenote_category":0,"footnotes":""},"aioseo_notices":[],"_links":{"self":[{"href":"https:\/\/losmeandros.com\/index.php?rest_route=\/wp\/v2\/pages\/12"}],"collection":[{"href":"https:\/\/losmeandros.com\/index.php?rest_route=\/wp\/v2\/pages"}],"about":[{"href":"https:\/\/losmeandros.com\/index.php?rest_route=\/wp\/v2\/types\/page"}],"author":[{"embeddable":true,"href":"https:\/\/losmeandros.com\/index.php?rest_route=\/wp\/v2\/users\/1"}],"replies":[{"embeddable":true,"href":"https:\/\/losmeandros.com\/index.php?rest_route=%2Fwp%2Fv2%2Fcomments&post=12"}],"version-history":[{"count":18,"href":"https:\/\/losmeandros.com\/index.php?rest_route=\/wp\/v2\/pages\/12\/revisions"}],"predecessor-version":[{"id":427,"href":"https:\/\/losmeandros.com\/index.php?rest_route=\/wp\/v2\/pages\/12\/revisions\/427"}],"wp:attachment":[{"href":"https:\/\/losmeandros.com\/index.php?rest_route=%2Fwp%2Fv2%2Fmedia&parent=12"}],"curies":[{"name":"wp","href":"https:\/\/api.w.org\/{rel}","templated":true}]}}