{"id":9,"date":"2023-11-14T19:46:33","date_gmt":"2023-11-14T18:46:33","guid":{"rendered":"https:\/\/losmeandros.com\/?page_id=9"},"modified":"2024-03-15T15:04:21","modified_gmt":"2024-03-15T14:04:21","slug":"reglas-casa","status":"publish","type":"page","link":"https:\/\/losmeandros.com\/?page_id=9","title":{"rendered":"Reglas de la casa"},"content":{"rendered":"\n<p>Todos los hu\u00e9spedes que decidan hospedarse en la casa de alquiler vacacional deber\u00e1n garantizar el respeto de las normas durante la totalidad de su estancia. Faltar a las normas expresadas a continuaci\u00f3n puede conllevar la reducci\u00f3n o p\u00e9rdida de la devoluci\u00f3n del dep\u00f3sito de garant\u00eda. Se le solicita a los hu\u00e9spedes notificar al propietario los da\u00f1os a la propiedad.<\/p>\n\n\n\n<div class=\"wp-block-group is-nowrap is-layout-flex wp-container-core-group-layout-2 wp-block-group-is-layout-flex\">\n<div class=\"wp-block-columns is-layout-flex wp-container-core-columns-layout-1 wp-block-columns-is-layout-flex\">\n<div class=\"wp-block-column is-layout-flow wp-block-column-is-layout-flow\" style=\"flex-basis:100%\">\n<div class=\"wp-block-group is-nowrap is-layout-flex wp-container-core-group-layout-1 wp-block-group-is-layout-flex\">\n<figure class=\"wp-block-table alignleft is-style-stripes\"><table class=\"has-fixed-layout\"><tbody><tr><td class=\"has-text-align-left\" data-align=\"left\"><img decoding=\"async\" style=\"width: 45px;\" src=\"https:\/\/losmeandros.com\/wp-content\/uploads\/2023\/11\/image.png\" alt=\"\">El check-in podr\u00e1 realizarse desde las 15 horas.<br>El check-out podr\u00e1 realizarse hasta las 11 horas.<br>Los hu\u00e9spedes deber\u00e1n guardar silencio por respeto al vecindario desde las 23 horas hasta las 8 horas.<\/td><\/tr><tr><td class=\"has-text-align-left\" data-align=\"left\"><img decoding=\"async\" style=\"width: 45px;\" src=\"https:\/\/losmeandros.com\/wp-content\/uploads\/2023\/11\/image-1.png\" alt=\"\">La casa de alquiler vacacional puede albergar un m\u00e1ximo de 6 hu\u00e9spedes.<br>Posibles visitantes deber\u00e1n comunicarse al propietario con antelaci\u00f3n durante la fase de reserva. <\/td><\/tr><tr><td class=\"has-text-align-left\" data-align=\"left\"><img decoding=\"async\" style=\"width: 45px;\" src=\"https:\/\/losmeandros.com\/wp-content\/uploads\/2023\/11\/image-2.png\" alt=\"\">Est\u00e1 prohibido  el uso de la casa para fiestas privadas. Posibles actividades recreativas deber\u00e1n realizarse conforme a las normas y respetando las franjas horarias de silencio.<\/td><\/tr><tr><td class=\"has-text-align-left\" data-align=\"left\"><img decoding=\"async\" style=\"width: 45px;\" src=\"https:\/\/losmeandros.com\/wp-content\/uploads\/2023\/11\/image-3.png\" alt=\"\">Las mascotas no est\u00e1n permitidas en la propiedad.<\/td><\/tr><tr><td class=\"has-text-align-left\" data-align=\"left\"><img decoding=\"async\" style=\"width: 45px;\" src=\"https:\/\/losmeandros.com\/wp-content\/uploads\/2023\/11\/image-6.png\" alt=\"\">Est\u00e1 terminantemente prohibido fumar en la propiedad..<\/td><\/tr><tr><td class=\"has-text-align-left\" data-align=\"left\"><img decoding=\"async\" style=\"width: 45px;\" src=\"https:\/\/losmeandros.com\/wp-content\/uploads\/2023\/11\/image-7.png\" alt=\"\">Los hu\u00e9spedes deben asegurarse de cerrar las ventanas y la puerta principal de entrada siempre que salen del alojamiento. Se solicita a los hu\u00e9spedes apagar todos los electrodom\u00e9sticos en uso de la propiedad con el f\u00edn de prevenir da\u00f1os de la instalaci\u00f3n el\u00e9ctrica y favorecer el ahorro energ\u00e9tico.<\/td><\/tr><tr><td class=\"has-text-align-left\" data-align=\"left\"><img decoding=\"async\" style=\"width: 45px;\" src=\"https:\/\/losmeandros.com\/wp-content\/uploads\/2023\/11\/image-8.png\" alt=\"\">Los hu\u00e9spedes deben cumplir con las pr\u00e1cticas de eliminaci\u00f3n de residuos y reciclaje de acuerdo con las instrucciones que se expresan a continuaci\u00f3n, utilizando los contenedores apropiados puestos a su disposici\u00f3n enfrente de la casa vacacional.<\/td><\/tr><tr><td class=\"has-text-align-left\" data-align=\"left\"><img decoding=\"async\" style=\"width: 45px;\" src=\"https:\/\/losmeandros.com\/wp-content\/uploads\/2023\/11\/image-9.png\" alt=\"\">No malgastes el agua, apaga las luces y el aire o calefacci\u00f3n cuando no est\u00e9s en la casa y deja las ventanas cerradas. Intentamos hacer un buen uso de los recursos.<\/td><\/tr><tr><td class=\"has-text-align-left\" data-align=\"left\"><img decoding=\"async\" style=\"width: 45px;\" src=\"https:\/\/losmeandros.com\/wp-content\/uploads\/2023\/11\/image-10.png\" alt=\"\">Te rogamos que realices el check \u2013 out antes de las 11horas, as\u00ed tendremos tiempo de limpiar la casa antes de que llegue el siguiente hu\u00e9sped.<br>No dejes comida o bebida en la nevera.<br>La ropa de cama y toallas usadas deber\u00e1n colocarse en el cesto de ropa sucia<br>Toda la basura debe ser retirada.<br>Cierra la puerta despu\u00e9s de salir de la casa..<\/td><\/tr><\/tbody><\/table><\/figure>\n<\/div>\n<\/div>\n<\/div>\n<\/div>\n\n\n\n<ul class=\"wp-block-social-links aligncenter is-layout-flex wp-block-social-links-is-layout-flex\"><li class=\"wp-social-link wp-social-link-facebook  wp-block-social-link\"><a href=\"https:\/\/www.facebook.com\/profile.php?id=61552547670014\" class=\"wp-block-social-link-anchor\"><svg width=\"24\" height=\"24\" viewBox=\"0 0 24 24\" version=\"1.1\" xmlns=\"http:\/\/www.w3.org\/2000\/svg\" aria-hidden=\"true\" focusable=\"false\"><path d=\"M12 2C6.5 2 2 6.5 2 12c0 5 3.7 9.1 8.4 9.9v-7H7.9V12h2.5V9.8c0-2.5 1.5-3.9 3.8-3.9 1.1 0 2.2.2 2.2.2v2.5h-1.3c-1.2 0-1.6.8-1.6 1.6V12h2.8l-.4 2.9h-2.3v7C18.3 21.1 22 17 22 12c0-5.5-4.5-10-10-10z\"><\/path><\/svg><span class=\"wp-block-social-link-label screen-reader-text\">Facebook<\/span><\/a><\/li>\n\n<li class=\"wp-social-link wp-social-link-instagram  wp-block-social-link\"><a href=\"https:\/\/www.instagram.com\/apartamentolosmeandros?igshid=YTQwZjQ0NmI0OA==\" class=\"wp-block-social-link-anchor\"><svg width=\"24\" height=\"24\" viewBox=\"0 0 24 24\" version=\"1.1\" xmlns=\"http:\/\/www.w3.org\/2000\/svg\" aria-hidden=\"true\" focusable=\"false\"><path d=\"M12,4.622c2.403,0,2.688,0.009,3.637,0.052c0.877,0.04,1.354,0.187,1.671,0.31c0.42,0.163,0.72,0.358,1.035,0.673 c0.315,0.315,0.51,0.615,0.673,1.035c0.123,0.317,0.27,0.794,0.31,1.671c0.043,0.949,0.052,1.234,0.052,3.637 s-0.009,2.688-0.052,3.637c-0.04,0.877-0.187,1.354-0.31,1.671c-0.163,0.42-0.358,0.72-0.673,1.035 c-0.315,0.315-0.615,0.51-1.035,0.673c-0.317,0.123-0.794,0.27-1.671,0.31c-0.949,0.043-1.233,0.052-3.637,0.052 s-2.688-0.009-3.637-0.052c-0.877-0.04-1.354-0.187-1.671-0.31c-0.42-0.163-0.72-0.358-1.035-0.673 c-0.315-0.315-0.51-0.615-0.673-1.035c-0.123-0.317-0.27-0.794-0.31-1.671C4.631,14.688,4.622,14.403,4.622,12 s0.009-2.688,0.052-3.637c0.04-0.877,0.187-1.354,0.31-1.671c0.163-0.42,0.358-0.72,0.673-1.035 c0.315-0.315,0.615-0.51,1.035-0.673c0.317-0.123,0.794-0.27,1.671-0.31C9.312,4.631,9.597,4.622,12,4.622 M12,3 C9.556,3,9.249,3.01,8.289,3.054C7.331,3.098,6.677,3.25,6.105,3.472C5.513,3.702,5.011,4.01,4.511,4.511 c-0.5,0.5-0.808,1.002-1.038,1.594C3.25,6.677,3.098,7.331,3.054,8.289C3.01,9.249,3,9.556,3,12c0,2.444,0.01,2.751,0.054,3.711 c0.044,0.958,0.196,1.612,0.418,2.185c0.23,0.592,0.538,1.094,1.038,1.594c0.5,0.5,1.002,0.808,1.594,1.038 c0.572,0.222,1.227,0.375,2.185,0.418C9.249,20.99,9.556,21,12,21s2.751-0.01,3.711-0.054c0.958-0.044,1.612-0.196,2.185-0.418 c0.592-0.23,1.094-0.538,1.594-1.038c0.5-0.5,0.808-1.002,1.038-1.594c0.222-0.572,0.375-1.227,0.418-2.185 C20.99,14.751,21,14.444,21,12s-0.01-2.751-0.054-3.711c-0.044-0.958-0.196-1.612-0.418-2.185c-0.23-0.592-0.538-1.094-1.038-1.594 c-0.5-0.5-1.002-0.808-1.594-1.038c-0.572-0.222-1.227-0.375-2.185-0.418C14.751,3.01,14.444,3,12,3L12,3z M12,7.378 c-2.552,0-4.622,2.069-4.622,4.622S9.448,16.622,12,16.622s4.622-2.069,4.622-4.622S14.552,7.378,12,7.378z M12,15 c-1.657,0-3-1.343-3-3s1.343-3,3-3s3,1.343,3,3S13.657,15,12,15z M16.804,6.116c-0.596,0-1.08,0.484-1.08,1.08 s0.484,1.08,1.08,1.08c0.596,0,1.08-0.484,1.08-1.08S17.401,6.116,16.804,6.116z\"><\/path><\/svg><span class=\"wp-block-social-link-label screen-reader-text\">Instagram<\/span><\/a><\/li><\/ul>\n","protected":false},"excerpt":{"rendered":"<p>Todos los hu\u00e9spedes que decidan hospedarse en la casa de alquiler vacacional deber\u00e1n garantizar el respeto de las normas durante la totalidad de su estancia. Faltar a las normas expresadas a continuaci\u00f3n puede conllevar la reducci\u00f3n o p\u00e9rdida de la devoluci\u00f3n del dep\u00f3sito de garant\u00eda. Se le solicita a los hu\u00e9spedes notificar al propietario los [&hellip;]<\/p>\n","protected":false},"author":1,"featured_media":0,"parent":0,"menu_order":0,"comment_status":"closed","ping_status":"closed","template":"","meta":{"_monsterinsights_skip_tracking":false,"_monsterinsights_sitenote_active":false,"_monsterinsights_sitenote_note":"","_monsterinsights_sitenote_category":0,"footnotes":""},"aioseo_notices":[],"_links":{"self":[{"href":"https:\/\/losmeandros.com\/index.php?rest_route=\/wp\/v2\/pages\/9"}],"collection":[{"href":"https:\/\/losmeandros.com\/index.php?rest_route=\/wp\/v2\/pages"}],"about":[{"href":"https:\/\/losmeandros.com\/index.php?rest_route=\/wp\/v2\/types\/page"}],"author":[{"embeddable":true,"href":"https:\/\/losmeandros.com\/index.php?rest_route=\/wp\/v2\/users\/1"}],"replies":[{"embeddable":true,"href":"https:\/\/losmeandros.com\/index.php?rest_route=%2Fwp%2Fv2%2Fcomments&post=9"}],"version-history":[{"count":19,"href":"https:\/\/losmeandros.com\/index.php?rest_route=\/wp\/v2\/pages\/9\/revisions"}],"predecessor-version":[{"id":438,"href":"https:\/\/losmeandros.com\/index.php?rest_route=\/wp\/v2\/pages\/9\/revisions\/438"}],"wp:attachment":[{"href":"https:\/\/losmeandros.com\/index.php?rest_route=%2Fwp%2Fv2%2Fmedia&parent=9"}],"curies":[{"name":"wp","href":"https:\/\/api.w.org\/{rel}","templated":true}]}}